{"id":10,"date":"2022-01-19T18:03:27","date_gmt":"2022-01-19T18:03:27","guid":{"rendered":"http:\/\/moulindesmarionnettes.com\/index.php\/home\/"},"modified":"2024-12-09T14:18:59","modified_gmt":"2024-12-09T14:18:59","slug":"accueil","status":"publish","type":"page","link":"https:\/\/moulindesmarionnettes.com\/","title":{"rendered":"Accueil"},"content":{"rendered":"\n<div class=\"wp-block-cover alignfull\" style=\"min-height:900px;aspect-ratio:unset;\"><span aria-hidden=\"true\" class=\"wp-block-cover__background has-ast-global-color-0-background-color has-background-dim-100 has-background-dim\"><\/span><div class=\"wp-block-cover__inner-container is-layout-flow wp-block-cover-is-layout-flow\">\n<div class=\"wp-block-columns alignwide are-vertically-aligned-center is-layout-flex wp-container-core-columns-is-layout-28f84493 wp-block-columns-is-layout-flex\">\n<div class=\"wp-block-column is-layout-flow wp-block-column-is-layout-flow\" style=\"flex-basis:64%\">\n<figure class=\"wp-block-image size-full is-resized\"><img loading=\"lazy\" decoding=\"async\" width=\"600\" height=\"336\" src=\"https:\/\/moulindesmarionnettes.com\/wp-content\/uploads\/2022\/01\/logo-accueil.jpg\" alt=\"\" class=\"wp-image-444\" style=\"width:1133px;height:634px\" srcset=\"https:\/\/moulindesmarionnettes.com\/wp-content\/uploads\/2022\/01\/logo-accueil.jpg 600w, https:\/\/moulindesmarionnettes.com\/wp-content\/uploads\/2022\/01\/logo-accueil-300x168.jpg 300w\" sizes=\"auto, (max-width: 600px) 100vw, 600px\" \/><\/figure>\n\n\n\n<h1 class=\"wp-block-heading has-text-color\" id=\"le-moulin-des-marionnettes\" style=\"color:#ffffff\">Le Moulin des Marionnettes<\/h1>\n\n\n\n<p class=\"has-ast-global-color-5-color has-text-color\">Le Moulin des Marionnettes est un parc de loisir comprenant une salle de spectacle et un atelier \u00e0 l\u2019int\u00e9rieur du moulin, un espace de jeu couvert et un parcours sur l\u2019\u00eele. Tourn\u00e9 vers un public familial il s\u2019efforce d\u2019amuser et int\u00e9resser les petits comme les grands.<\/p>\n\n\n\n<p class=\"has-ast-global-color-5-color has-text-color\">Entr\u00e9e\u00a0: 12 \u20ac<\/p>\n\n\n\n<p class=\"has-ast-global-color-5-color has-text-color\">Ouvert de P\u00e2ques \u00e0 la Toussaint de 14h \u00e0 19h<\/p>\n\n\n\n<p class=\"has-ast-global-color-5-color has-text-color\">Sur Rendez-vous en dehors de la p\u00e9riode estivale 06 82 19 21 81<\/p>\n\n\n\n<p class=\"has-ast-global-color-5-color has-text-color\">Groupes&nbsp;: nous contacter<\/p>\n<\/div>\n<\/div>\n\n\n\n<figure class=\"wp-block-table\"><table><tbody><tr><td><img loading=\"lazy\" decoding=\"async\" width=\"300\" height=\"400\" class=\"wp-image-443\" style=\"width: 300px;\" src=\"https:\/\/moulindesmarionnettes.com\/wp-content\/uploads\/2022\/01\/acteurs.jpg\" alt=\"\" srcset=\"https:\/\/moulindesmarionnettes.com\/wp-content\/uploads\/2022\/01\/acteurs.jpg 450w, https:\/\/moulindesmarionnettes.com\/wp-content\/uploads\/2022\/01\/acteurs-225x300.jpg 225w\" sizes=\"auto, (max-width: 300px) 100vw, 300px\" \/><\/td><td><img loading=\"lazy\" decoding=\"async\" width=\"500\" height=\"375\" class=\"wp-image-447\" style=\"width: 500px;\" src=\"https:\/\/moulindesmarionnettes.com\/wp-content\/uploads\/2022\/01\/bravo-a-la-famille.jpg\" alt=\"\" srcset=\"https:\/\/moulindesmarionnettes.com\/wp-content\/uploads\/2022\/01\/bravo-a-la-famille.jpg 600w, https:\/\/moulindesmarionnettes.com\/wp-content\/uploads\/2022\/01\/bravo-a-la-famille-300x225.jpg 300w\" sizes=\"auto, (max-width: 500px) 100vw, 500px\" \/><\/td><td><img loading=\"lazy\" decoding=\"async\" width=\"280\" height=\"373\" class=\"wp-image-449\" style=\"width: 280px;\" src=\"https:\/\/moulindesmarionnettes.com\/wp-content\/uploads\/2022\/01\/pique-niquer-moulin.jpg\" alt=\"\" srcset=\"https:\/\/moulindesmarionnettes.com\/wp-content\/uploads\/2022\/01\/pique-niquer-moulin.jpg 450w, https:\/\/moulindesmarionnettes.com\/wp-content\/uploads\/2022\/01\/pique-niquer-moulin-225x300.jpg 225w\" sizes=\"auto, (max-width: 280px) 100vw, 280px\" \/><\/td><\/tr><tr><td>des marionnettes, <br>encore des  marionnettes <\/td><td>bravo \u00e0 toute la famille<\/td><td>espace pique-nique<\/td><\/tr><\/tbody><\/table><\/figure>\n<\/div><\/div>\n","protected":false},"excerpt":{"rendered":"","protected":false},"author":1,"featured_media":0,"parent":0,"menu_order":0,"comment_status":"closed","ping_status":"closed","template":"","meta":{"om_disable_all_campaigns":false,"_monsterinsights_skip_tracking":false,"_monsterinsights_sitenote_active":false,"_monsterinsights_sitenote_note":"","_monsterinsights_sitenote_category":0,"site-sidebar-layout":"no-sidebar","site-content-layout":"plain-container","ast-site-content-layout":"default","site-content-style":"default","site-sidebar-style":"default","ast-global-header-display":"","ast-banner-title-visibility":"","ast-main-header-display":"","ast-hfb-above-header-display":"","ast-hfb-below-header-display":"","ast-hfb-mobile-header-display":"","site-post-title":"disabled","ast-breadcrumbs-content":"","ast-featured-img":"","footer-sml-layout":"","ast-disable-related-posts":"","theme-transparent-header-meta":"enabled","adv-header-id-meta":"","stick-header-meta":"","header-above-stick-meta":"","header-main-stick-meta":"","header-below-stick-meta":"","astra-migrate-meta-layouts":"default","ast-page-background-enabled":"default","ast-page-background-meta":{"desktop":{"background-color":"var(--ast-global-color-4)","background-image":"","background-repeat":"repeat","background-position":"center center","background-size":"auto","background-attachment":"scroll","background-type":"","background-media":"","overlay-type":"","overlay-color":"","overlay-opacity":"","overlay-gradient":""},"tablet":{"background-color":"","background-image":"","background-repeat":"repeat","background-position":"center center","background-size":"auto","background-attachment":"scroll","background-type":"","background-media":"","overlay-type":"","overlay-color":"","overlay-opacity":"","overlay-gradient":""},"mobile":{"background-color":"","background-image":"","background-repeat":"repeat","background-position":"center center","background-size":"auto","background-attachment":"scroll","background-type":"","background-media":"","overlay-type":"","overlay-color":"","overlay-opacity":"","overlay-gradient":""}},"ast-content-background-meta":{"desktop":{"background-color":"var(--ast-global-color-5)","background-image":"","background-repeat":"repeat","background-position":"center center","background-size":"auto","background-attachment":"scroll","background-type":"","background-media":"","overlay-type":"","overlay-color":"","overlay-opacity":"","overlay-gradient":""},"tablet":{"background-color":"var(--ast-global-color-5)","background-image":"","background-repeat":"repeat","background-position":"center center","background-size":"auto","background-attachment":"scroll","background-type":"","background-media":"","overlay-type":"","overlay-color":"","overlay-opacity":"","overlay-gradient":""},"mobile":{"background-color":"var(--ast-global-color-5)","background-image":"","background-repeat":"repeat","background-position":"center center","background-size":"auto","background-attachment":"scroll","background-type":"","background-media":"","overlay-type":"","overlay-color":"","overlay-opacity":"","overlay-gradient":""}},"footnotes":""},"class_list":["post-10","page","type-page","status-publish","hentry"],"aioseo_notices":[],"_links":{"self":[{"href":"https:\/\/moulindesmarionnettes.com\/index.php\/wp-json\/wp\/v2\/pages\/10","targetHints":{"allow":["GET"]}}],"collection":[{"href":"https:\/\/moulindesmarionnettes.com\/index.php\/wp-json\/wp\/v2\/pages"}],"about":[{"href":"https:\/\/moulindesmarionnettes.com\/index.php\/wp-json\/wp\/v2\/types\/page"}],"author":[{"embeddable":true,"href":"https:\/\/moulindesmarionnettes.com\/index.php\/wp-json\/wp\/v2\/users\/1"}],"replies":[{"embeddable":true,"href":"https:\/\/moulindesmarionnettes.com\/index.php\/wp-json\/wp\/v2\/comments?post=10"}],"version-history":[{"count":20,"href":"https:\/\/moulindesmarionnettes.com\/index.php\/wp-json\/wp\/v2\/pages\/10\/revisions"}],"predecessor-version":[{"id":522,"href":"https:\/\/moulindesmarionnettes.com\/index.php\/wp-json\/wp\/v2\/pages\/10\/revisions\/522"}],"wp:attachment":[{"href":"https:\/\/moulindesmarionnettes.com\/index.php\/wp-json\/wp\/v2\/media?parent=10"}],"curies":[{"name":"wp","href":"https:\/\/api.w.org\/{rel}","templated":true}]}}