{"id":2,"date":"2022-01-19T14:28:35","date_gmt":"2022-01-19T14:28:35","guid":{"rendered":"http:\/\/moulindesmarionnettes.com\/?page_id=2"},"modified":"2022-01-25T00:40:31","modified_gmt":"2022-01-25T00:40:31","slug":"sur-lile","status":"publish","type":"page","link":"https:\/\/moulindesmarionnettes.com\/index.php\/sur-lile\/","title":{"rendered":"Sur l&#8217;\u00eele"},"content":{"rendered":"\n<h2 class=\"has-ast-global-color-5-color has-ast-global-color-0-background-color has-text-color has-background wp-block-heading\">Sur l&#8217;\u00eele<\/h2>\n\n\n\n<figure class=\"wp-block-table\"><table><tbody><tr><td><img loading=\"lazy\" decoding=\"async\" width=\"400\" height=\"533\" class=\"wp-image-327\" style=\"width: 400px;\" src=\"https:\/\/moulindesmarionnettes.com\/wp-content\/uploads\/2022\/01\/3-chasse-au-tresor-2-1-scaled.jpg\" alt=\"\" srcset=\"https:\/\/moulindesmarionnettes.com\/wp-content\/uploads\/2022\/01\/3-chasse-au-tresor-2-1-scaled.jpg 1920w, https:\/\/moulindesmarionnettes.com\/wp-content\/uploads\/2022\/01\/3-chasse-au-tresor-2-1-225x300.jpg 225w, https:\/\/moulindesmarionnettes.com\/wp-content\/uploads\/2022\/01\/3-chasse-au-tresor-2-1-768x1024.jpg 768w, https:\/\/moulindesmarionnettes.com\/wp-content\/uploads\/2022\/01\/3-chasse-au-tresor-2-1-1152x1536.jpg 1152w, https:\/\/moulindesmarionnettes.com\/wp-content\/uploads\/2022\/01\/3-chasse-au-tresor-2-1-1536x2048.jpg 1536w\" sizes=\"auto, (max-width: 400px) 100vw, 400px\" \/><\/td><td><img loading=\"lazy\" decoding=\"async\" width=\"400\" height=\"533\" class=\"wp-image-344\" style=\"width: 400px;\" src=\"https:\/\/moulindesmarionnettes.com\/wp-content\/uploads\/2022\/01\/3-chasse-au-tresor-5-scaled.jpg\" alt=\"\" srcset=\"https:\/\/moulindesmarionnettes.com\/wp-content\/uploads\/2022\/01\/3-chasse-au-tresor-5-scaled.jpg 1920w, https:\/\/moulindesmarionnettes.com\/wp-content\/uploads\/2022\/01\/3-chasse-au-tresor-5-225x300.jpg 225w, https:\/\/moulindesmarionnettes.com\/wp-content\/uploads\/2022\/01\/3-chasse-au-tresor-5-768x1024.jpg 768w, https:\/\/moulindesmarionnettes.com\/wp-content\/uploads\/2022\/01\/3-chasse-au-tresor-5-1152x1536.jpg 1152w, https:\/\/moulindesmarionnettes.com\/wp-content\/uploads\/2022\/01\/3-chasse-au-tresor-5-1536x2048.jpg 1536w\" sizes=\"auto, (max-width: 400px) 100vw, 400px\" \/><\/td><td><img loading=\"lazy\" decoding=\"async\" width=\"400\" height=\"533\" class=\"wp-image-345\" style=\"width: 400px;\" src=\"https:\/\/moulindesmarionnettes.com\/wp-content\/uploads\/2022\/01\/3-chasse-au-tresor-scaled.jpg\" alt=\"\" srcset=\"https:\/\/moulindesmarionnettes.com\/wp-content\/uploads\/2022\/01\/3-chasse-au-tresor-scaled.jpg 1920w, https:\/\/moulindesmarionnettes.com\/wp-content\/uploads\/2022\/01\/3-chasse-au-tresor-225x300.jpg 225w, https:\/\/moulindesmarionnettes.com\/wp-content\/uploads\/2022\/01\/3-chasse-au-tresor-768x1024.jpg 768w, https:\/\/moulindesmarionnettes.com\/wp-content\/uploads\/2022\/01\/3-chasse-au-tresor-1152x1536.jpg 1152w, https:\/\/moulindesmarionnettes.com\/wp-content\/uploads\/2022\/01\/3-chasse-au-tresor-1536x2048.jpg 1536w\" sizes=\"auto, (max-width: 400px) 100vw, 400px\" \/><\/td><\/tr><tr><td><\/td><td><\/td><td><\/td><\/tr><\/tbody><\/table><\/figure>\n\n\n\n<p style=\"font-size:22px\"><strong>La chasse au tr\u00e9sor<\/strong>&nbsp;: Une promenade ludique sur l\u2019\u00eele bois\u00e9e du moulin avec des \u00e9preuves d\u2019\u00e9quilibre, d\u2019adresse et des \u00e9nigmes \u00e0 r\u00e9soudre&nbsp;<\/p>\n\n\n\n<div class=\"wp-block-image\"><figure class=\"aligncenter size-large\"><img loading=\"lazy\" decoding=\"async\" width=\"768\" height=\"1024\" src=\"https:\/\/moulindesmarionnettes.com\/wp-content\/uploads\/2022\/01\/3-lespace-du-petit-marionnettiste-1-768x1024.jpg\" alt=\"\" class=\"wp-image-333\" srcset=\"https:\/\/moulindesmarionnettes.com\/wp-content\/uploads\/2022\/01\/3-lespace-du-petit-marionnettiste-1-768x1024.jpg 768w, https:\/\/moulindesmarionnettes.com\/wp-content\/uploads\/2022\/01\/3-lespace-du-petit-marionnettiste-1-225x300.jpg 225w, https:\/\/moulindesmarionnettes.com\/wp-content\/uploads\/2022\/01\/3-lespace-du-petit-marionnettiste-1-1152x1536.jpg 1152w, https:\/\/moulindesmarionnettes.com\/wp-content\/uploads\/2022\/01\/3-lespace-du-petit-marionnettiste-1-1536x2048.jpg 1536w, https:\/\/moulindesmarionnettes.com\/wp-content\/uploads\/2022\/01\/3-lespace-du-petit-marionnettiste-1-scaled.jpg 1920w\" sizes=\"auto, (max-width: 768px) 100vw, 768px\" \/><\/figure><\/div>\n\n\n\n<p style=\"font-size:22px\"><strong>L\u2019espace du petit marionnettiste<\/strong>\u00a0: les enfants font leur propre spectacle dans le castelet &#8221;\u00a0ch\u00e2teau fort &#8221; avec les marionnettes \u00e0 leur disposition.<\/p>\n","protected":false},"excerpt":{"rendered":"<p>Sur l&#8217;\u00eele La chasse au tr\u00e9sor&nbsp;: Une promenade ludique sur l\u2019\u00eele bois\u00e9e du moulin avec des \u00e9preuves d\u2019\u00e9quilibre, d\u2019adresse et des \u00e9nigmes \u00e0 r\u00e9soudre&nbsp; L\u2019espace du petit marionnettiste\u00a0: les enfants font leur propre spectacle dans le castelet &#8221;\u00a0ch\u00e2teau fort &#8221; avec les marionnettes \u00e0 leur disposition.<\/p>\n","protected":false},"author":1,"featured_media":0,"parent":0,"menu_order":0,"comment_status":"closed","ping_status":"closed","template":"","meta":{"om_disable_all_campaigns":false,"_monsterinsights_skip_tracking":false,"_monsterinsights_sitenote_active":false,"_monsterinsights_sitenote_note":"","_monsterinsights_sitenote_category":0,"site-sidebar-layout":"default","site-content-layout":"","ast-site-content-layout":"default","site-content-style":"default","site-sidebar-style":"default","ast-global-header-display":"","ast-banner-title-visibility":"","ast-main-header-display":"","ast-hfb-above-header-display":"","ast-hfb-below-header-display":"","ast-hfb-mobile-header-display":"","site-post-title":"","ast-breadcrumbs-content":"","ast-featured-img":"","footer-sml-layout":"","ast-disable-related-posts":"","theme-transparent-header-meta":"","adv-header-id-meta":"","stick-header-meta":"","header-above-stick-meta":"","header-main-stick-meta":"","header-below-stick-meta":"","astra-migrate-meta-layouts":"default","ast-page-background-enabled":"default","ast-page-background-meta":{"desktop":{"background-color":"var(--ast-global-color-4)","background-image":"","background-repeat":"repeat","background-position":"center center","background-size":"auto","background-attachment":"scroll","background-type":"","background-media":"","overlay-type":"","overlay-color":"","overlay-opacity":"","overlay-gradient":""},"tablet":{"background-color":"","background-image":"","background-repeat":"repeat","background-position":"center center","background-size":"auto","background-attachment":"scroll","background-type":"","background-media":"","overlay-type":"","overlay-color":"","overlay-opacity":"","overlay-gradient":""},"mobile":{"background-color":"","background-image":"","background-repeat":"repeat","background-position":"center center","background-size":"auto","background-attachment":"scroll","background-type":"","background-media":"","overlay-type":"","overlay-color":"","overlay-opacity":"","overlay-gradient":""}},"ast-content-background-meta":{"desktop":{"background-color":"var(--ast-global-color-5)","background-image":"","background-repeat":"repeat","background-position":"center center","background-size":"auto","background-attachment":"scroll","background-type":"","background-media":"","overlay-type":"","overlay-color":"","overlay-opacity":"","overlay-gradient":""},"tablet":{"background-color":"var(--ast-global-color-5)","background-image":"","background-repeat":"repeat","background-position":"center center","background-size":"auto","background-attachment":"scroll","background-type":"","background-media":"","overlay-type":"","overlay-color":"","overlay-opacity":"","overlay-gradient":""},"mobile":{"background-color":"var(--ast-global-color-5)","background-image":"","background-repeat":"repeat","background-position":"center center","background-size":"auto","background-attachment":"scroll","background-type":"","background-media":"","overlay-type":"","overlay-color":"","overlay-opacity":"","overlay-gradient":""}},"footnotes":""},"class_list":["post-2","page","type-page","status-publish","hentry"],"aioseo_notices":[],"_links":{"self":[{"href":"https:\/\/moulindesmarionnettes.com\/index.php\/wp-json\/wp\/v2\/pages\/2","targetHints":{"allow":["GET"]}}],"collection":[{"href":"https:\/\/moulindesmarionnettes.com\/index.php\/wp-json\/wp\/v2\/pages"}],"about":[{"href":"https:\/\/moulindesmarionnettes.com\/index.php\/wp-json\/wp\/v2\/types\/page"}],"author":[{"embeddable":true,"href":"https:\/\/moulindesmarionnettes.com\/index.php\/wp-json\/wp\/v2\/users\/1"}],"replies":[{"embeddable":true,"href":"https:\/\/moulindesmarionnettes.com\/index.php\/wp-json\/wp\/v2\/comments?post=2"}],"version-history":[{"count":22,"href":"https:\/\/moulindesmarionnettes.com\/index.php\/wp-json\/wp\/v2\/pages\/2\/revisions"}],"predecessor-version":[{"id":402,"href":"https:\/\/moulindesmarionnettes.com\/index.php\/wp-json\/wp\/v2\/pages\/2\/revisions\/402"}],"wp:attachment":[{"href":"https:\/\/moulindesmarionnettes.com\/index.php\/wp-json\/wp\/v2\/media?parent=2"}],"curies":[{"name":"wp","href":"https:\/\/api.w.org\/{rel}","templated":true}]}}