{"id":415,"date":"2022-01-25T14:02:47","date_gmt":"2022-01-25T14:02:47","guid":{"rendered":"http:\/\/moulindesmarionnettes.com\/?page_id=415"},"modified":"2022-01-25T14:59:08","modified_gmt":"2022-01-25T14:59:08","slug":"qui-sommes-nous","status":"publish","type":"page","link":"https:\/\/moulindesmarionnettes.com\/index.php\/qui-sommes-nous\/","title":{"rendered":"Qui sommes nous"},"content":{"rendered":"\n<p>Association Olibrius et Mariolette<\/p>\n\n\n\n<p>N\u00b0 Siret&nbsp;: 803 294&nbsp;446 00015<\/p>\n\n\n\n<p>APE&nbsp;: 9499Z<\/p>\n\n\n\n<figure class=\"wp-block-table\"><table><tbody><tr><td class=\"has-text-align-center\" data-align=\"center\"><img loading=\"lazy\" decoding=\"async\" width=\"400\" height=\"600\" class=\"wp-image-419\" style=\"width: 400px;\" src=\"https:\/\/moulindesmarionnettes.com\/wp-content\/uploads\/2022\/01\/licinio-lutin-1.jpg\" alt=\"\" srcset=\"https:\/\/moulindesmarionnettes.com\/wp-content\/uploads\/2022\/01\/licinio-lutin-1.jpg 400w, https:\/\/moulindesmarionnettes.com\/wp-content\/uploads\/2022\/01\/licinio-lutin-1-200x300.jpg 200w\" sizes=\"auto, (max-width: 400px) 100vw, 400px\" \/><\/td><td class=\"has-text-align-center\" data-align=\"center\"><img loading=\"lazy\" decoding=\"async\" width=\"415\" height=\"597\" class=\"wp-image-418\" style=\"width: 415px;\" src=\"https:\/\/moulindesmarionnettes.com\/wp-content\/uploads\/2022\/01\/florence-luciole.jpg\" alt=\"\" srcset=\"https:\/\/moulindesmarionnettes.com\/wp-content\/uploads\/2022\/01\/florence-luciole.jpg 417w, https:\/\/moulindesmarionnettes.com\/wp-content\/uploads\/2022\/01\/florence-luciole-209x300.jpg 209w\" sizes=\"auto, (max-width: 415px) 100vw, 415px\" \/><\/td><\/tr><tr><td class=\"has-text-align-center\" data-align=\"center\"><strong><em>Olibrius<\/em><\/strong><\/td><td class=\"has-text-align-center\" data-align=\"center\"><strong><em>Mariolette<\/em><\/strong><\/td><\/tr><tr><td class=\"has-text-align-center\" data-align=\"center\"><strong><em>le<\/em><\/strong> <strong><em>lutin s&#8217;active dans tous les domaines <\/em><\/strong><br><strong><em>et en toute discr\u00e9tion<\/em><\/strong><\/td><td class=\"has-text-align-center\" data-align=\"center\"><strong><em>apr\u00e8s avoir longtemps s\u00e9vi dans l&#8217;Education Nationale, <\/em><\/strong><br><strong><em>la luciole ayant une langue bien muscl\u00e9e, <\/em><\/strong><br><strong><em>la pr\u00eate \u00e0 ceux qui n&#8217;en n&#8217;ont pas<\/em><\/strong><\/td><\/tr><\/tbody><\/table><\/figure>\n\n\n\n<p class=\"has-text-align-center\"><\/p>\n","protected":false},"excerpt":{"rendered":"<p>Association Olibrius et Mariolette N\u00b0 Siret&nbsp;: 803 294&nbsp;446 00015 APE&nbsp;: 9499Z Olibrius Mariolette le lutin s&#8217;active dans tous les domaines et en toute discr\u00e9tion apr\u00e8s avoir longtemps s\u00e9vi dans l&#8217;Education Nationale, la luciole ayant une langue bien muscl\u00e9e, la pr\u00eate \u00e0 ceux qui n&#8217;en n&#8217;ont pas<\/p>\n","protected":false},"author":1,"featured_media":0,"parent":0,"menu_order":0,"comment_status":"closed","ping_status":"closed","template":"","meta":{"om_disable_all_campaigns":false,"_monsterinsights_skip_tracking":false,"_monsterinsights_sitenote_active":false,"_monsterinsights_sitenote_note":"","_monsterinsights_sitenote_category":0,"site-sidebar-layout":"default","site-content-layout":"","ast-site-content-layout":"default","site-content-style":"default","site-sidebar-style":"default","ast-global-header-display":"","ast-banner-title-visibility":"","ast-main-header-display":"","ast-hfb-above-header-display":"","ast-hfb-below-header-display":"","ast-hfb-mobile-header-display":"","site-post-title":"","ast-breadcrumbs-content":"","ast-featured-img":"","footer-sml-layout":"","ast-disable-related-posts":"","theme-transparent-header-meta":"","adv-header-id-meta":"","stick-header-meta":"","header-above-stick-meta":"","header-main-stick-meta":"","header-below-stick-meta":"","astra-migrate-meta-layouts":"default","ast-page-background-enabled":"default","ast-page-background-meta":{"desktop":{"background-color":"var(--ast-global-color-4)","background-image":"","background-repeat":"repeat","background-position":"center center","background-size":"auto","background-attachment":"scroll","background-type":"","background-media":"","overlay-type":"","overlay-color":"","overlay-opacity":"","overlay-gradient":""},"tablet":{"background-color":"","background-image":"","background-repeat":"repeat","background-position":"center center","background-size":"auto","background-attachment":"scroll","background-type":"","background-media":"","overlay-type":"","overlay-color":"","overlay-opacity":"","overlay-gradient":""},"mobile":{"background-color":"","background-image":"","background-repeat":"repeat","background-position":"center center","background-size":"auto","background-attachment":"scroll","background-type":"","background-media":"","overlay-type":"","overlay-color":"","overlay-opacity":"","overlay-gradient":""}},"ast-content-background-meta":{"desktop":{"background-color":"var(--ast-global-color-5)","background-image":"","background-repeat":"repeat","background-position":"center center","background-size":"auto","background-attachment":"scroll","background-type":"","background-media":"","overlay-type":"","overlay-color":"","overlay-opacity":"","overlay-gradient":""},"tablet":{"background-color":"var(--ast-global-color-5)","background-image":"","background-repeat":"repeat","background-position":"center center","background-size":"auto","background-attachment":"scroll","background-type":"","background-media":"","overlay-type":"","overlay-color":"","overlay-opacity":"","overlay-gradient":""},"mobile":{"background-color":"var(--ast-global-color-5)","background-image":"","background-repeat":"repeat","background-position":"center center","background-size":"auto","background-attachment":"scroll","background-type":"","background-media":"","overlay-type":"","overlay-color":"","overlay-opacity":"","overlay-gradient":""}},"footnotes":""},"class_list":["post-415","page","type-page","status-publish","hentry"],"aioseo_notices":[],"_links":{"self":[{"href":"https:\/\/moulindesmarionnettes.com\/index.php\/wp-json\/wp\/v2\/pages\/415","targetHints":{"allow":["GET"]}}],"collection":[{"href":"https:\/\/moulindesmarionnettes.com\/index.php\/wp-json\/wp\/v2\/pages"}],"about":[{"href":"https:\/\/moulindesmarionnettes.com\/index.php\/wp-json\/wp\/v2\/types\/page"}],"author":[{"embeddable":true,"href":"https:\/\/moulindesmarionnettes.com\/index.php\/wp-json\/wp\/v2\/users\/1"}],"replies":[{"embeddable":true,"href":"https:\/\/moulindesmarionnettes.com\/index.php\/wp-json\/wp\/v2\/comments?post=415"}],"version-history":[{"count":10,"href":"https:\/\/moulindesmarionnettes.com\/index.php\/wp-json\/wp\/v2\/pages\/415\/revisions"}],"predecessor-version":[{"id":434,"href":"https:\/\/moulindesmarionnettes.com\/index.php\/wp-json\/wp\/v2\/pages\/415\/revisions\/434"}],"wp:attachment":[{"href":"https:\/\/moulindesmarionnettes.com\/index.php\/wp-json\/wp\/v2\/media?parent=415"}],"curies":[{"name":"wp","href":"https:\/\/api.w.org\/{rel}","templated":true}]}}